{"id":172,"date":"2021-09-21T08:40:05","date_gmt":"2021-09-21T08:40:05","guid":{"rendered":"https:\/\/sealite.raster.me\/?page_id=172"},"modified":"2021-09-21T09:40:19","modified_gmt":"2021-09-21T09:40:19","slug":"industrije","status":"publish","type":"page","link":"https:\/\/sealite.raster.me\/index.php\/industrije\/","title":{"rendered":"Industrije"},"content":{"rendered":"<div class=\"pt-cv-wrapper\"><div class=\"pt-cv-view pt-cv-grid pt-cv-colsys\" id=\"pt-cv-view-e5a4d0ehj3\"><div data-id=\"pt-cv-page-1\" class=\"pt-cv-page\" data-cvc=\"2\"><div class=\"col-md-6 col-sm-6 col-xs-12 pt-cv-content-item pt-cv-1-col\" ><div class='pt-cv-ifield'><a href=\"https:\/\/sealite.raster.me\/index.php\/2021\/09\/01\/rjesenja-za-sluzbe-odrzavanja\/\" class=\"_self pt-cv-href-thumbnail pt-cv-thumb-default\" target=\"_self\" ><img loading=\"lazy\" decoding=\"async\" width=\"2000\" height=\"820\" src=\"https:\/\/i0.wp.com\/sealite.raster.me\/wp-content\/uploads\/2021\/09\/lighthouse-1.jpg?fit=2000%2C820&amp;ssl=1\" class=\"pt-cv-thumbnail\" alt=\"\" srcset=\"https:\/\/i0.wp.com\/sealite.raster.me\/wp-content\/uploads\/2021\/09\/lighthouse-1.jpg?w=2000&amp;ssl=1 2000w, https:\/\/i0.wp.com\/sealite.raster.me\/wp-content\/uploads\/2021\/09\/lighthouse-1.jpg?resize=300%2C123&amp;ssl=1 300w, https:\/\/i0.wp.com\/sealite.raster.me\/wp-content\/uploads\/2021\/09\/lighthouse-1.jpg?resize=1024%2C420&amp;ssl=1 1024w, https:\/\/i0.wp.com\/sealite.raster.me\/wp-content\/uploads\/2021\/09\/lighthouse-1.jpg?resize=768%2C315&amp;ssl=1 768w, https:\/\/i0.wp.com\/sealite.raster.me\/wp-content\/uploads\/2021\/09\/lighthouse-1.jpg?resize=1536%2C630&amp;ssl=1 1536w, https:\/\/i0.wp.com\/sealite.raster.me\/wp-content\/uploads\/2021\/09\/lighthouse-1.jpg?resize=228%2C93&amp;ssl=1 228w\" sizes=\"auto, (max-width: 1140px) 100vw, 1140px\" \/><\/a>\n<h3 class=\"pt-cv-title\"><a href=\"https:\/\/sealite.raster.me\/index.php\/2021\/09\/01\/rjesenja-za-sluzbe-odrzavanja\/\" class=\"_self\" target=\"_self\" >Rje\u0161enja za svetionike<\/a><\/h3>\n<div class=\"pt-cv-content\">Slu\u017ebama odr\u017eavanja svjetionika, koje su primarno odgovorne za obezbje\u0111ivanje i odr\u017eavanje pomagalima za navigaciju, Sealite nudi pouzdane proizvode. Rje\u0161enja uklju\u010duju ...<br \/><div class=\"pt-cv-rmwrap\"><a href=\"https:\/\/sealite.raster.me\/index.php\/2021\/09\/01\/rjesenja-za-sluzbe-odrzavanja\/\" class=\"_self pt-cv-readmore btn btn-success\" target=\"_self\">Read More<\/a><\/div><\/div><\/div><\/div>\n<div class=\"col-md-6 col-sm-6 col-xs-12 pt-cv-content-item pt-cv-1-col\" ><div class='pt-cv-ifield'><a href=\"https:\/\/sealite.raster.me\/index.php\/2021\/09\/01\/svjetla-za-luke-i-marine\/\" class=\"_self pt-cv-href-thumbnail pt-cv-thumb-default\" target=\"_self\" ><img loading=\"lazy\" decoding=\"async\" width=\"2000\" height=\"820\" src=\"https:\/\/i0.wp.com\/sealite.raster.me\/wp-content\/uploads\/2021\/09\/pm_summer.jpg?fit=2000%2C820&amp;ssl=1\" class=\"pt-cv-thumbnail\" alt=\"\" srcset=\"https:\/\/i0.wp.com\/sealite.raster.me\/wp-content\/uploads\/2021\/09\/pm_summer.jpg?w=2000&amp;ssl=1 2000w, https:\/\/i0.wp.com\/sealite.raster.me\/wp-content\/uploads\/2021\/09\/pm_summer.jpg?resize=300%2C123&amp;ssl=1 300w, https:\/\/i0.wp.com\/sealite.raster.me\/wp-content\/uploads\/2021\/09\/pm_summer.jpg?resize=1024%2C420&amp;ssl=1 1024w, https:\/\/i0.wp.com\/sealite.raster.me\/wp-content\/uploads\/2021\/09\/pm_summer.jpg?resize=768%2C315&amp;ssl=1 768w, https:\/\/i0.wp.com\/sealite.raster.me\/wp-content\/uploads\/2021\/09\/pm_summer.jpg?resize=1536%2C630&amp;ssl=1 1536w, https:\/\/i0.wp.com\/sealite.raster.me\/wp-content\/uploads\/2021\/09\/pm_summer.jpg?resize=228%2C93&amp;ssl=1 228w\" sizes=\"auto, (max-width: 1140px) 100vw, 1140px\" \/><\/a>\n<h3 class=\"pt-cv-title\"><a href=\"https:\/\/sealite.raster.me\/index.php\/2021\/09\/01\/svjetla-za-luke-i-marine\/\" class=\"_self\" target=\"_self\" >Svjetla za luke i marine<\/a><\/h3>\n<div class=\"pt-cv-content\">Sealite je lider u svijetu u in\u017einjeringu i proizvodnji AtoN rje\u0161enja za sigurno navo\u0111enje plovila u luke i marine ...<br \/><div class=\"pt-cv-rmwrap\"><a href=\"https:\/\/sealite.raster.me\/index.php\/2021\/09\/01\/svjetla-za-luke-i-marine\/\" class=\"_self pt-cv-readmore btn btn-success\" target=\"_self\">Read More<\/a><\/div><\/div><\/div><\/div>\n<div class=\"col-md-6 col-sm-6 col-xs-12 pt-cv-content-item pt-cv-1-col\" ><div class='pt-cv-ifield'><a href=\"https:\/\/sealite.raster.me\/index.php\/2021\/09\/01\/vodeni-putevi-i-plitke-marine\/\" class=\"_self pt-cv-href-thumbnail pt-cv-thumb-default\" target=\"_self\" ><img loading=\"lazy\" decoding=\"async\" width=\"2000\" height=\"820\" src=\"https:\/\/i0.wp.com\/sealite.raster.me\/wp-content\/uploads\/2021\/09\/skadar_lake.jpg?fit=2000%2C820&amp;ssl=1\" class=\"pt-cv-thumbnail\" alt=\"\" srcset=\"https:\/\/i0.wp.com\/sealite.raster.me\/wp-content\/uploads\/2021\/09\/skadar_lake.jpg?w=2000&amp;ssl=1 2000w, https:\/\/i0.wp.com\/sealite.raster.me\/wp-content\/uploads\/2021\/09\/skadar_lake.jpg?resize=300%2C123&amp;ssl=1 300w, https:\/\/i0.wp.com\/sealite.raster.me\/wp-content\/uploads\/2021\/09\/skadar_lake.jpg?resize=1024%2C420&amp;ssl=1 1024w, https:\/\/i0.wp.com\/sealite.raster.me\/wp-content\/uploads\/2021\/09\/skadar_lake.jpg?resize=768%2C315&amp;ssl=1 768w, https:\/\/i0.wp.com\/sealite.raster.me\/wp-content\/uploads\/2021\/09\/skadar_lake.jpg?resize=1536%2C630&amp;ssl=1 1536w, https:\/\/i0.wp.com\/sealite.raster.me\/wp-content\/uploads\/2021\/09\/skadar_lake.jpg?resize=228%2C93&amp;ssl=1 228w\" sizes=\"auto, (max-width: 1140px) 100vw, 1140px\" \/><\/a>\n<h3 class=\"pt-cv-title\"><a href=\"https:\/\/sealite.raster.me\/index.php\/2021\/09\/01\/vodeni-putevi-i-plitke-marine\/\" class=\"_self\" target=\"_self\" >Vodeni putevi i plitke marine<\/a><\/h3>\n<div class=\"pt-cv-content\">Sealite ima u ponudi \u0161irok asortiman pomorskih bova i lanterni specijalno dizajniranih za sigurno markiranje unutra\u0161njih vodenih puteva. U ponudi ...<br \/><div class=\"pt-cv-rmwrap\"><a href=\"https:\/\/sealite.raster.me\/index.php\/2021\/09\/01\/vodeni-putevi-i-plitke-marine\/\" class=\"_self pt-cv-readmore btn btn-success\" target=\"_self\">Read More<\/a><\/div><\/div><\/div><\/div>\n<div class=\"col-md-6 col-sm-6 col-xs-12 pt-cv-content-item pt-cv-1-col\" ><div class='pt-cv-ifield'><a href=\"https:\/\/sealite.raster.me\/index.php\/2021\/09\/01\/oznacavanje-zona-izgradnje\/\" class=\"_self pt-cv-href-thumbnail pt-cv-thumb-default\" target=\"_self\" ><img loading=\"lazy\" decoding=\"async\" width=\"2000\" height=\"820\" src=\"https:\/\/i0.wp.com\/sealite.raster.me\/wp-content\/uploads\/2021\/09\/marine-construction-tiny.jpg?fit=2000%2C820&amp;ssl=1\" class=\"pt-cv-thumbnail\" alt=\"\" srcset=\"https:\/\/i0.wp.com\/sealite.raster.me\/wp-content\/uploads\/2021\/09\/marine-construction-tiny.jpg?w=2000&amp;ssl=1 2000w, https:\/\/i0.wp.com\/sealite.raster.me\/wp-content\/uploads\/2021\/09\/marine-construction-tiny.jpg?resize=300%2C123&amp;ssl=1 300w, https:\/\/i0.wp.com\/sealite.raster.me\/wp-content\/uploads\/2021\/09\/marine-construction-tiny.jpg?resize=1024%2C420&amp;ssl=1 1024w, https:\/\/i0.wp.com\/sealite.raster.me\/wp-content\/uploads\/2021\/09\/marine-construction-tiny.jpg?resize=768%2C315&amp;ssl=1 768w, https:\/\/i0.wp.com\/sealite.raster.me\/wp-content\/uploads\/2021\/09\/marine-construction-tiny.jpg?resize=1536%2C630&amp;ssl=1 1536w, https:\/\/i0.wp.com\/sealite.raster.me\/wp-content\/uploads\/2021\/09\/marine-construction-tiny.jpg?resize=228%2C93&amp;ssl=1 228w\" sizes=\"auto, (max-width: 1140px) 100vw, 1140px\" \/><\/a>\n<h3 class=\"pt-cv-title\"><a href=\"https:\/\/sealite.raster.me\/index.php\/2021\/09\/01\/oznacavanje-zona-izgradnje\/\" class=\"_self\" target=\"_self\" >Ozna\u010davanje zona izgradnje<\/a><\/h3>\n<div class=\"pt-cv-content\">Veoma je va\u017eno minimizirati rizik unutar zona izgradnje na vodi, sa potpunim rje\u0161enjima za markiranje koja se zahtijevaju radi osiguranja ...<br \/><div class=\"pt-cv-rmwrap\"><a href=\"https:\/\/sealite.raster.me\/index.php\/2021\/09\/01\/oznacavanje-zona-izgradnje\/\" class=\"_self pt-cv-readmore btn btn-success\" target=\"_self\">Read More<\/a><\/div><\/div><\/div><\/div>\n<div class=\"col-md-6 col-sm-6 col-xs-12 pt-cv-content-item pt-cv-1-col\" ><div class='pt-cv-ifield'><a href=\"https:\/\/sealite.raster.me\/index.php\/2021\/09\/01\/markiranje-veterenjace-u-toku-i-nakon-konstrukcije\/\" class=\"_self pt-cv-href-thumbnail pt-cv-thumb-default\" target=\"_self\" ><img loading=\"lazy\" decoding=\"async\" width=\"2000\" height=\"820\" src=\"https:\/\/i0.wp.com\/sealite.raster.me\/wp-content\/uploads\/2021\/09\/windfarm.jpg?fit=2000%2C820&amp;ssl=1\" class=\"pt-cv-thumbnail\" alt=\"\" srcset=\"https:\/\/i0.wp.com\/sealite.raster.me\/wp-content\/uploads\/2021\/09\/windfarm.jpg?w=2000&amp;ssl=1 2000w, https:\/\/i0.wp.com\/sealite.raster.me\/wp-content\/uploads\/2021\/09\/windfarm.jpg?resize=300%2C123&amp;ssl=1 300w, https:\/\/i0.wp.com\/sealite.raster.me\/wp-content\/uploads\/2021\/09\/windfarm.jpg?resize=1024%2C420&amp;ssl=1 1024w, https:\/\/i0.wp.com\/sealite.raster.me\/wp-content\/uploads\/2021\/09\/windfarm.jpg?resize=768%2C315&amp;ssl=1 768w, https:\/\/i0.wp.com\/sealite.raster.me\/wp-content\/uploads\/2021\/09\/windfarm.jpg?resize=1536%2C630&amp;ssl=1 1536w, https:\/\/i0.wp.com\/sealite.raster.me\/wp-content\/uploads\/2021\/09\/windfarm.jpg?resize=228%2C93&amp;ssl=1 228w\" sizes=\"auto, (max-width: 1140px) 100vw, 1140px\" \/><\/a>\n<h3 class=\"pt-cv-title\"><a href=\"https:\/\/sealite.raster.me\/index.php\/2021\/09\/01\/markiranje-veterenjace-u-toku-i-nakon-konstrukcije\/\" class=\"_self\" target=\"_self\" >Markiranje veterenja\u010de u toku i nakon konstrukcije<\/a><\/h3>\n<div class=\"pt-cv-content\">Tr\u017eiste obnovljive energije kao \u0161to su farme vetrenja\u010da na zemlji i moru obe\u0107avaju \u010distu energiju za doma\u0107instva i privredu. Sealite ...<br \/><div class=\"pt-cv-rmwrap\"><a href=\"https:\/\/sealite.raster.me\/index.php\/2021\/09\/01\/markiranje-veterenjace-u-toku-i-nakon-konstrukcije\/\" class=\"_self pt-cv-readmore btn btn-success\" target=\"_self\">Read More<\/a><\/div><\/div><\/div><\/div><\/div><\/div><\/div>\n","protected":false},"excerpt":{"rendered":"","protected":false},"author":2,"featured_media":0,"parent":0,"menu_order":0,"comment_status":"closed","ping_status":"closed","template":"page-templates\/no-sidebar.php","meta":{"footnotes":""},"class_list":["post-172","page","type-page","status-publish","hentry"],"jetpack-related-posts":[],"jetpack_sharing_enabled":true,"_links":{"self":[{"href":"https:\/\/sealite.raster.me\/index.php\/wp-json\/wp\/v2\/pages\/172","targetHints":{"allow":["GET"]}}],"collection":[{"href":"https:\/\/sealite.raster.me\/index.php\/wp-json\/wp\/v2\/pages"}],"about":[{"href":"https:\/\/sealite.raster.me\/index.php\/wp-json\/wp\/v2\/types\/page"}],"author":[{"embeddable":true,"href":"https:\/\/sealite.raster.me\/index.php\/wp-json\/wp\/v2\/users\/2"}],"replies":[{"embeddable":true,"href":"https:\/\/sealite.raster.me\/index.php\/wp-json\/wp\/v2\/comments?post=172"}],"version-history":[{"count":3,"href":"https:\/\/sealite.raster.me\/index.php\/wp-json\/wp\/v2\/pages\/172\/revisions"}],"predecessor-version":[{"id":199,"href":"https:\/\/sealite.raster.me\/index.php\/wp-json\/wp\/v2\/pages\/172\/revisions\/199"}],"wp:attachment":[{"href":"https:\/\/sealite.raster.me\/index.php\/wp-json\/wp\/v2\/media?parent=172"}],"curies":[{"name":"wp","href":"https:\/\/api.w.org\/{rel}","templated":true}]}}